{"id":10,"date":"2021-11-01T18:18:48","date_gmt":"2021-11-01T17:18:48","guid":{"rendered":"https:\/\/carnet-de-bord.clementyziquel.fr\/?page_id=10"},"modified":"2021-11-08T22:58:20","modified_gmt":"2021-11-08T21:58:20","slug":"accueil","status":"publish","type":"page","link":"https:\/\/carnet-de-bord.clementyziquel.fr\/","title":{"rendered":"Accueil"},"content":{"rendered":"\n<p>L\u2019entreprise au sein de laquelle j\u2019ai r\u00e9alis\u00e9 mon exp\u00e9rience professionnelle est la Conserverie Morbihannaise situ\u00e9e Le Faou\u00ebt. Il s\u2019agit d\u2019une usine situ\u00e9e en centre Bretagne appartenant au groupe Eureden qui est un groupe d\u2019agroalimentaire coop\u00e9ratif, il regroupe 6 fili\u00e8res d\u2019activit\u00e9s&nbsp;: agriculture, viande, \u0153ufs, produits surgel\u00e9s, conserves et distribution verte. L\u2019usine de Le Faou\u00ebt compte 245 salari\u00e9s en CDI et cela monte \u00e0 450 en \u00e9t\u00e9 gr\u00e2ce \u00e0 l\u2019arriv\u00e9e de saisonnier notamment pour les campagnes de r\u00e9colte de pois et de haricots qui correspondent \u00e0 une grande partie de l\u2019activit\u00e9 annuelle. J\u2019ai ainsi \u00e9t\u00e9 embauch\u00e9 en tant que chauffeur de cueilleuse \u00e0 petits pois.<\/p>\n\n\n\n<p>L\u2019organisation de la r\u00e9colte est la suivante, chacun des 6 m\u00e9caniciens agricoles pr\u00e9sents toute l\u2019ann\u00e9e sur le site de Le Faou\u00ebt se voit attribu\u00e9 la gestion de 2 machines de r\u00e9colte, ils sont ensuite r\u00e9partis dans les diff\u00e9rents secteurs dans toute la Bretagne. Son r\u00f4le est de former les chauffeurs et d\u2019assurer l\u2019entretien et les r\u00e9parations sur ses machines. L\u2019atelier de maintenance permet le stockage de l\u2019outillage et des pi\u00e8ces de rechange n\u00e9cessaires. C\u2019est \u00e9galement dans cet atelier que tous les chauffeurs ont \u00e9t\u00e9 convoqu\u00e9s d\u00e9but juin pour les formations de s\u00e9curit\u00e9.<\/p>\n\n\n\n<p>Une fois les pois r\u00e9colt\u00e9s, ils sont transport\u00e9s par camion jusqu\u2019\u00e0 l\u2019usine o\u00f9 ils sont lav\u00e9s puis conditionn\u00e9s en boite de conserve ou bocaux sous diff\u00e9rentes recettes&nbsp;: mac\u00e9doine, petits pois carottes, petits pois seuls\u2026 Les produits sont ensuite stock\u00e9s puis exp\u00e9di\u00e9s dans les supermarch\u00e9s tout au long de l\u2019ann\u00e9e. L\u2019eau servant \u00e0 nettoyer les l\u00e9gumes est ensuite trait\u00e9e dans la station d\u2019\u00e9puration r\u00e9cemment construite par l\u2019entreprise. Le traitement de cette eau permet la r\u00e9cup\u00e9ration de boues tr\u00e8s riches qui sont ensuite \u00e9pandues dans les champs des agriculteurs de la coop\u00e9rative. L\u2019eau propre est ensuite revers\u00e9e dans l\u2019Inam, la rivi\u00e8re qui coupe l\u2019usine en 2.<\/p>\n\n\n\n<figure class=\"wp-block-gallery columns-1 is-cropped wp-block-gallery-1 is-layout-flex wp-block-gallery-is-layout-flex\"><ul class=\"blocks-gallery-grid\"><li class=\"blocks-gallery-item\"><figure><a href=\"https:\/\/carnet-de-bord.clementyziquel.fr\/wp-content\/uploads\/2021\/11\/plan.png\" rel=\"lightbox[10]\"><img loading=\"lazy\" decoding=\"async\" width=\"1303\" height=\"732\" src=\"https:\/\/carnet-de-bord.clementyziquel.fr\/wp-content\/uploads\/2021\/11\/plan.png\" alt=\"\" data-id=\"27\" class=\"wp-image-27\" srcset=\"https:\/\/carnet-de-bord.clementyziquel.fr\/wp-content\/uploads\/2021\/11\/plan.png 1303w, https:\/\/carnet-de-bord.clementyziquel.fr\/wp-content\/uploads\/2021\/11\/plan-300x169.png 300w, https:\/\/carnet-de-bord.clementyziquel.fr\/wp-content\/uploads\/2021\/11\/plan-1024x575.png 1024w, https:\/\/carnet-de-bord.clementyziquel.fr\/wp-content\/uploads\/2021\/11\/plan-768x431.png 768w\" sizes=\"(max-width: 706px) 89vw, (max-width: 767px) 82vw, 740px\" \/><\/a><figcaption class=\"blocks-gallery-item__caption\">Vue a\u00e9rienne de l&rsquo;usine de Le Faou\u00ebt<\/figcaption><\/figure><\/li><\/ul><\/figure>\n\n\n\n<div class=\"wp-block-buttons is-content-justification-right is-layout-flex wp-block-buttons-is-layout-flex\">\n<div class=\"wp-block-button is-style-outline\"><a class=\"wp-block-button__link\" href=\"https:\/\/carnet-de-bord.clementyziquel.fr\/?page_id=35\">Page suivante: Contexte<\/a><\/div>\n<\/div>\n\n\n\n<p><\/p>\n","protected":false},"excerpt":{"rendered":"<p>L\u2019entreprise au sein de laquelle j\u2019ai r\u00e9alis\u00e9 mon exp\u00e9rience professionnelle est la Conserverie Morbihannaise situ\u00e9e Le Faou\u00ebt. Il s\u2019agit d\u2019une usine situ\u00e9e en centre Bretagne appartenant au groupe Eureden qui est un groupe d\u2019agroalimentaire coop\u00e9ratif, il regroupe 6 fili\u00e8res d\u2019activit\u00e9s&nbsp;: agriculture, viande, \u0153ufs, produits surgel\u00e9s, conserves et distribution verte. L\u2019usine de Le Faou\u00ebt compte 245 &hellip; <\/p>\n<p class=\"link-more\"><a href=\"https:\/\/carnet-de-bord.clementyziquel.fr\/\" class=\"more-link\">Continuer la lecture<span class=\"screen-reader-text\"> de &laquo;&nbsp;Accueil&nbsp;&raquo;<\/span><\/a><\/p>\n","protected":false},"author":1,"featured_media":0,"parent":0,"menu_order":0,"comment_status":"closed","ping_status":"closed","template":"","meta":{"footnotes":""},"_links":{"self":[{"href":"https:\/\/carnet-de-bord.clementyziquel.fr\/index.php?rest_route=\/wp\/v2\/pages\/10"}],"collection":[{"href":"https:\/\/carnet-de-bord.clementyziquel.fr\/index.php?rest_route=\/wp\/v2\/pages"}],"about":[{"href":"https:\/\/carnet-de-bord.clementyziquel.fr\/index.php?rest_route=\/wp\/v2\/types\/page"}],"author":[{"embeddable":true,"href":"https:\/\/carnet-de-bord.clementyziquel.fr\/index.php?rest_route=\/wp\/v2\/users\/1"}],"replies":[{"embeddable":true,"href":"https:\/\/carnet-de-bord.clementyziquel.fr\/index.php?rest_route=%2Fwp%2Fv2%2Fcomments&post=10"}],"version-history":[{"count":32,"href":"https:\/\/carnet-de-bord.clementyziquel.fr\/index.php?rest_route=\/wp\/v2\/pages\/10\/revisions"}],"predecessor-version":[{"id":273,"href":"https:\/\/carnet-de-bord.clementyziquel.fr\/index.php?rest_route=\/wp\/v2\/pages\/10\/revisions\/273"}],"wp:attachment":[{"href":"https:\/\/carnet-de-bord.clementyziquel.fr\/index.php?rest_route=%2Fwp%2Fv2%2Fmedia&parent=10"}],"curies":[{"name":"wp","href":"https:\/\/api.w.org\/{rel}","templated":true}]}}