{"id":13,"date":"2021-11-01T21:38:36","date_gmt":"2021-11-01T20:38:36","guid":{"rendered":"https:\/\/carnet-de-bord.clementyziquel.fr\/?page_id=13"},"modified":"2021-11-09T22:17:08","modified_gmt":"2021-11-09T21:17:08","slug":"ma-mission","status":"publish","type":"page","link":"https:\/\/carnet-de-bord.clementyziquel.fr\/?page_id=13","title":{"rendered":"Ma mission"},"content":{"rendered":"<h2>L\u2019organisation<\/h2>\n<p>L\u2019usine de Le Faou\u00ebt compte 12 machines de r\u00e9colte \u00e0 petits pois, qui sont utilis\u00e9es pour la r\u00e9colte de tous les agriculteurs de la coop\u00e9rative le souhaitant. Cela permet aux agriculteurs de cultiver des l\u00e9gumes sans avoir \u00e0 acheter les machines de r\u00e9colte associ\u00e9es.<\/p>\n<p>En tant que chauffeurs, notre t\u00e2che est de conduire les machines de r\u00e9colte de petits pois dans les champs, mais aussi sur la route pour nous rendre chez les diff\u00e9rents agriculteurs.<\/p>\n<p>L\u2019organisation est la suivante\u00a0:<\/p>\n<p><a href=\"https:\/\/carnet-de-bord.clementyziquel.fr\/wp-content\/uploads\/2021\/11\/Organigramme.png\" rel=\"lightbox[13]\"><img loading=\"lazy\" decoding=\"async\" class=\"alignnone size-full wp-image-132\" src=\"https:\/\/carnet-de-bord.clementyziquel.fr\/wp-content\/uploads\/2021\/11\/Organigramme.png\" alt=\"\" width=\"1700\" height=\"850\" srcset=\"https:\/\/carnet-de-bord.clementyziquel.fr\/wp-content\/uploads\/2021\/11\/Organigramme.png 1700w, https:\/\/carnet-de-bord.clementyziquel.fr\/wp-content\/uploads\/2021\/11\/Organigramme-300x150.png 300w, https:\/\/carnet-de-bord.clementyziquel.fr\/wp-content\/uploads\/2021\/11\/Organigramme-1024x512.png 1024w, https:\/\/carnet-de-bord.clementyziquel.fr\/wp-content\/uploads\/2021\/11\/Organigramme-768x384.png 768w, https:\/\/carnet-de-bord.clementyziquel.fr\/wp-content\/uploads\/2021\/11\/Organigramme-1536x768.png 1536w\" sizes=\"(max-width: 706px) 89vw, (max-width: 767px) 82vw, 740px\" \/><\/a><\/p>\n<p>Chaque m\u00e9canicien se voit attribu\u00e9 2 machines et 2 \u00e9quipes de 3 personnes avec 1 chef d\u2019\u00e9quipe. C\u2019est lui qui re\u00e7oit les consignes de la technicienne et qui re\u00e7oit le fourgon de pr\u00eat dont il est responsable. Il doit d\u00e9finir les heures et lieux de rendez-vous en fonction des domiciles des autres membres de son \u00e9quipe.<\/p>\n<p>Chacune des \u00e9quipes travaille 12h avec les 2 machines jusqu\u2019\u00e0 ce que l\u2019autre \u00e9quipe vienne prendre le relai. Chaque semaine nous \u00e9changeons les r\u00f4les\u00a0, l\u2019\u00e9quipe de nuit passe de jours et inversement. Les plannings entre jour et nuit diff\u00e8rent l\u00e9g\u00e8rement, l\u2019\u00e9quipe de jour doit s\u2019occuper du nettoyage quotidien des machines.<\/p>\n<table style=\"border-collapse: collapse; width: 100%;\">\n<tbody>\n<tr>\n<td style=\"width: 20.9199%; background-color: #ffffff;\"><span style=\"color: #000000;\"> <img loading=\"lazy\" decoding=\"async\" class=\"aligncenter wp-image-223 size-full\" src=\"https:\/\/carnet-de-bord.clementyziquel.fr\/wp-content\/uploads\/2021\/11\/moon-1.png\" alt=\"\" width=\"134\" height=\"135\" srcset=\"https:\/\/carnet-de-bord.clementyziquel.fr\/wp-content\/uploads\/2021\/11\/moon-1.png 134w, https:\/\/carnet-de-bord.clementyziquel.fr\/wp-content\/uploads\/2021\/11\/moon-1-100x100.png 100w\" sizes=\"(max-width: 134px) 100vw, 134px\" \/><\/span><\/td>\n<td style=\"width: 79.0801%; text-align: justify; background-color: #ffffff;\"><span style=\"color: #000000;\">De nuit nous nous donnons rendez-vous entre 18h et 18h30 et nous nous rendons au champ avec le fourgon afin de ne pas ab\u00eemer ou salir nos v\u00e9hicules personnels dans les champs et chemins. Apr\u00e8s un court d\u00e9briefing avec l\u2019\u00e9quipe de jour, Ludovic notre m\u00e9canicien et Pauline notre technicienne nous d\u00e9marrons la r\u00e9colte \u00e0 19h, nous terminerons lorsque nous aurons rempli notre quota de tonnage quotidien. Si nous ne parvenons pas \u00e0 terminer l\u2019\u00e9quipe de jour reprendra le relai \u00e0 7h le lendemain matin.<\/span><\/td>\n<\/tr>\n<\/tbody>\n<\/table>\n<table style=\"border-collapse: collapse; width: 100%; height: 276px;\">\n<tbody>\n<tr style=\"height: 276px;\">\n<td style=\"width: 73.7388%; height: 276px; text-align: justify;\">\n<p>Lorsque nous somme de jour la proc\u00e9dure est la m\u00eame, rendez-vous entre 6h et 6h30, arriv\u00e9e au champ, d\u00e9briefing et \u00e0 7h nous entamons la r\u00e9colte. L\u2019\u00e9quipe de jour a cependant une mission de plus, il s\u2019agit du nettoyage quotidien des machines. En effet, la plante de petit pois est tr\u00e8s humide ce qui fait qu\u2019elle a tendance \u00e0 coller un peu partout sur les machines, il est donc indispensable proc\u00e9der \u00e0 un nettoyage quotidien des zones mobiles (tapis, ventilateurs, galets enrouleurs\u2026) afin de limiter au maximum le risque de panne et de bourrage de la machine.<\/p>\n<\/td>\n<td style=\"width: 26.2612%; height: 276px;\"><img loading=\"lazy\" decoding=\"async\" class=\"size-medium wp-image-121 alignright\" src=\"https:\/\/carnet-de-bord.clementyziquel.fr\/wp-content\/uploads\/2021\/11\/soleil-300x300.jpg\" alt=\"\" width=\"300\" height=\"300\" srcset=\"https:\/\/carnet-de-bord.clementyziquel.fr\/wp-content\/uploads\/2021\/11\/soleil-300x300.jpg 300w, https:\/\/carnet-de-bord.clementyziquel.fr\/wp-content\/uploads\/2021\/11\/soleil-150x150.jpg 150w, https:\/\/carnet-de-bord.clementyziquel.fr\/wp-content\/uploads\/2021\/11\/soleil-100x100.jpg 100w, https:\/\/carnet-de-bord.clementyziquel.fr\/wp-content\/uploads\/2021\/11\/soleil.jpg 458w\" sizes=\"(max-width: 300px) 100vw, 300px\" \/><\/td>\n<\/tr>\n<\/tbody>\n<\/table>\n<h2>La R\u00e9colte<\/h2>\n<p>Ensuite vient la r\u00e9colte en elle-m\u00eame, c\u2019est la majeure partie du travail\u00a0:<\/p>\n<p>Nous sommes r\u00e9partis en \u00e9quipes de 3 personnes pour 2 machines, ce qui fait qu\u2019il y a toujours quelqu\u2019un qui ne conduit pas. Bien s\u00fbr, nous tournons r\u00e9guli\u00e8rement afin que tout le monde fasse toutes les t\u00e2ches. La personne qui ne conduit pas les machines a tout de m\u00eame un r\u00f4le tr\u00e8s important\u00a0:<\/p>\n<ul style=\"list-style-type: square;\">\n<li>Chaque benne remplie doit \u00eatre identifi\u00e9e, il faut donc remplir une feuille qui contient le code de la parcelle, la vari\u00e9t\u00e9 r\u00e9colt\u00e9e, les heures de r\u00e9colte, les probl\u00e8mes ou corps \u00e9trangers qui pourraient \u00eatre pr\u00e9sents(huile ou gasoil en cas de fuite, morceaux de verre, terre, cailloux\u2026) ainsi que nos num\u00e9ros de chauffeur.<\/li>\n<li>Il faut aussi pr\u00e9voir les futurs changements de champs, c\u2019est la partie la plus d\u00e9licate. En effet, les machines ont un gabarit tr\u00e8s imposant\u00a0(4m de largeur,<br \/>\n<figure id=\"attachment_172\" aria-describedby=\"caption-attachment-172\" style=\"width: 246px\" class=\"wp-caption alignright\"><a href=\"https:\/\/carnet-de-bord.clementyziquel.fr\/wp-content\/uploads\/2021\/11\/carte.jpeg\" rel=\"lightbox[13]\"><img loading=\"lazy\" decoding=\"async\" class=\"wp-image-172\" src=\"https:\/\/carnet-de-bord.clementyziquel.fr\/wp-content\/uploads\/2021\/11\/carte.jpeg\" alt=\"\" width=\"246\" height=\"175\" srcset=\"https:\/\/carnet-de-bord.clementyziquel.fr\/wp-content\/uploads\/2021\/11\/carte.jpeg 1927w, https:\/\/carnet-de-bord.clementyziquel.fr\/wp-content\/uploads\/2021\/11\/carte-300x214.jpeg 300w, https:\/\/carnet-de-bord.clementyziquel.fr\/wp-content\/uploads\/2021\/11\/carte-1024x729.jpeg 1024w, https:\/\/carnet-de-bord.clementyziquel.fr\/wp-content\/uploads\/2021\/11\/carte-768x547.jpeg 768w, https:\/\/carnet-de-bord.clementyziquel.fr\/wp-content\/uploads\/2021\/11\/carte-1536x1094.jpeg 1536w\" sizes=\"(max-width: 246px) 100vw, 246px\" \/><\/a><figcaption id=\"caption-attachment-172\" class=\"wp-caption-text\">Les parcelles en vert sont les parcelles que nous devons r\u00e9colter. Elles sont identifi\u00e9es par un code unique du type I8 225 afin de les rep\u00e9rer.<\/figcaption><\/figure>\n<p>\u00a0<\/p>\n<p>4m de hauteur et 12m de long pour une masse de 24 tonnes), nous ne pouvons donc pas emprunter n\u2019importe quelle route. La t\u00e2che va donc \u00eatre de rep\u00e9rer les ponts, petites routes, centres villes\u2026 qui pourraient poser probl\u00e8me gr\u00e2ce \u00e0 la carte qui nous est pr\u00eat\u00e9e et Google Maps. Il faut ensuite se renseigner (se rendre sur place, appeler les mairies\u2026) pour savoir si nous pouvons emprunter l\u2019itin\u00e9raire avant de nous engager.<\/p>\n<\/li>\n<\/ul>\n<p><a href=\"https:\/\/carnet-de-bord.clementyziquel.fr\/wp-content\/uploads\/2021\/11\/bouchons.jpg\" rel=\"lightbox[13]\"><img loading=\"lazy\" decoding=\"async\" class=\"wp-image-175 alignleft\" src=\"https:\/\/carnet-de-bord.clementyziquel.fr\/wp-content\/uploads\/2021\/11\/bouchons.jpg\" alt=\"\" width=\"96\" height=\"208\" srcset=\"https:\/\/carnet-de-bord.clementyziquel.fr\/wp-content\/uploads\/2021\/11\/bouchons.jpg 828w, https:\/\/carnet-de-bord.clementyziquel.fr\/wp-content\/uploads\/2021\/11\/bouchons-139x300.jpg 139w, https:\/\/carnet-de-bord.clementyziquel.fr\/wp-content\/uploads\/2021\/11\/bouchons-473x1024.jpg 473w, https:\/\/carnet-de-bord.clementyziquel.fr\/wp-content\/uploads\/2021\/11\/bouchons-768x1662.jpg 768w, https:\/\/carnet-de-bord.clementyziquel.fr\/wp-content\/uploads\/2021\/11\/bouchons-710x1536.jpg 710w\" sizes=\"(max-width: 96px) 100vw, 96px\" \/><\/a><\/p>\n<p>\u00a0<\/p>\n<p>Pour l\u2019anecdote, lorsque nous nous d\u00e9pla\u00e7ons, m\u00eame si nous sommes la nuit et qu\u2019il n\u2019y a personne sur les routes Google Maps d\u00e9tecte des bouchons \u00e0 cause de notre vitesse de 21km\/h sur route. Ici, il \u00e9tait 3h30 du matin.<\/p>\n<p>\u00a0<\/p>\n<ul style=\"list-style-type: square;\">\n<li>Enfin, il est courant de prendre quelques minutes pour suivre \u00e0 pied chacune des machines afin de v\u00e9rifier qu\u2019elles sont bien r\u00e9gl\u00e9es.<\/li>\n<\/ul>\n<p>Les 2 autres personnes qui eux conduisent les machines s\u2019occupent de la r\u00e9colte :<\/p>\n<ul style=\"list-style-type: square;\">\n<li>Lorsque nous arrivons dans un nouveau champ, il y a une premi\u00e8re phase de d\u00e9tourage, \u00e7a consiste \u00e0 faire 4 tours du champ afin de nous laisser de la place pour man\u0153uvrer par la suite.<\/li>\n<li>Une fois cette phase termin\u00e9e, nous d\u00e9coupons le champ en bande d\u2019une vingtaine de m\u00e8tres en suivant les traces laiss\u00e9es par les tracteurs lors des traitements, \u00e7a nous permet de r\u00e9colter le plus efficacement possible.<\/li>\n<li>Lorsque nous avan\u00e7ons avec la machine, celle-ci r\u00e9colte tout\u00a0: les gousses et les fanes, le tri se fait dans la machine. C\u2019est une des raisons qui fait que nous avan\u00e7ons \u00e0 une vitesse tr\u00e8s basse, entre 1 et 2,5 km\/h. Tout passe ensuite dans le batteur qui tourne \u00e0 plus de 200 tours\/minute dont le but est de casser les gousses et de faire tomber les pois \u00e0 travers les grilles qui entourent ce batteur. Apr\u00e8s \u00e7a, les pois passent dans un trieur qui est une grille compos\u00e9e de trous plus petits que la grille du batteur afin de rejeter les fanes qui sont pass\u00e9es plus t\u00f4t. Les pois sont ensuite envoy\u00e9s dans la tr\u00e9mie, celle-ci a une capacit\u00e9 d\u2019environ 2 tonnes ce qui correspond, suivant le rendement, \u00e0 30-45 minutes de r\u00e9colte. Une fois cette tr\u00e9mie pleine, nous la vidons dans les bennes au bord du champ qui ont \u00e9t\u00e9 pr\u00e9alablement d\u00e9pos\u00e9es par des camions ou des tracteurs. Ces bennes ont une capacit\u00e9 de 10 tonnes et il faut veiller \u00e0 ne pas d\u00e9passer ce chiffre car les camions peuvent se retrouver en surpoids.<\/li>\n<\/ul>\n<table style=\"border-collapse: collapse; width: 100%;\">\n<tbody>\n<tr>\n<td style=\"width: 50%;\"><a href=\"https:\/\/carnet-de-bord.clementyziquel.fr\/wp-content\/uploads\/2021\/11\/caissontracteur.jpg\" rel=\"lightbox[13]\"><img loading=\"lazy\" decoding=\"async\" class=\"alignnone size-full wp-image-181\" src=\"https:\/\/carnet-de-bord.clementyziquel.fr\/wp-content\/uploads\/2021\/11\/caissontracteur.jpg\" alt=\"\" width=\"2186\" height=\"1147\" srcset=\"https:\/\/carnet-de-bord.clementyziquel.fr\/wp-content\/uploads\/2021\/11\/caissontracteur.jpg 2186w, https:\/\/carnet-de-bord.clementyziquel.fr\/wp-content\/uploads\/2021\/11\/caissontracteur-300x157.jpg 300w, https:\/\/carnet-de-bord.clementyziquel.fr\/wp-content\/uploads\/2021\/11\/caissontracteur-1024x537.jpg 1024w, https:\/\/carnet-de-bord.clementyziquel.fr\/wp-content\/uploads\/2021\/11\/caissontracteur-768x403.jpg 768w, https:\/\/carnet-de-bord.clementyziquel.fr\/wp-content\/uploads\/2021\/11\/caissontracteur-1536x806.jpg 1536w, https:\/\/carnet-de-bord.clementyziquel.fr\/wp-content\/uploads\/2021\/11\/caissontracteur-2048x1075.jpg 2048w\" sizes=\"(max-width: 706px) 89vw, (max-width: 767px) 82vw, 740px\" \/><\/a><\/td>\n<td style=\"width: 50%;\"><a href=\"https:\/\/carnet-de-bord.clementyziquel.fr\/wp-content\/uploads\/2021\/11\/camion-1.jpg\" rel=\"lightbox[13]\"><img loading=\"lazy\" decoding=\"async\" class=\"alignnone size-full wp-image-182\" src=\"https:\/\/carnet-de-bord.clementyziquel.fr\/wp-content\/uploads\/2021\/11\/camion-1.jpg\" alt=\"\" width=\"450\" height=\"253\" srcset=\"https:\/\/carnet-de-bord.clementyziquel.fr\/wp-content\/uploads\/2021\/11\/camion-1.jpg 450w, https:\/\/carnet-de-bord.clementyziquel.fr\/wp-content\/uploads\/2021\/11\/camion-1-300x169.jpg 300w\" sizes=\"(max-width: 450px) 100vw, 450px\" \/><\/a><\/td>\n<\/tr>\n<\/tbody>\n<\/table>\n<ul style=\"list-style-type: square;\">\n<li>Les quantit\u00e9s \u00e0 r\u00e9colter sont fix\u00e9es par un technicien en fonction de la maturit\u00e9 des champs et des capacit\u00e9s qui peuvent \u00eatre absorb\u00e9es par l\u2019usine. Ce technicien nous donne donc un nombre de bennes en d\u00e9but de journ\u00e9e ou de nuit et nous devons nous y conformer. Il arrive que nous n\u2019ayons que 2,3 ou 4 bennes \u00e0 faire, dans ce cas une fois cette quantit\u00e9 r\u00e9alis\u00e9e, nous pouvons rentrer chez nous. Il arrive aussi qu\u2019il y ait 10 voire 12 bennes \u00e0 r\u00e9aliser et dans ce cas nous n\u2019arrivons pas toujours \u00e0 terminer avant que l\u2019\u00e9quipe suivante n\u2019arrive, dans ce cas elle doit g\u00e9n\u00e9ralement rattraper notre retard.<\/li>\n<li>Cependant, nous ne sommes parfois pas ma\u00eetres des \u00e9v\u00e9nements et il arrive tr\u00e8s souvent qu\u2019il y ait des impr\u00e9vus\u00a0: panne sur une machine, mauvaises conditions climatiques, panne du camion d\u2019approvisionnement en gasoil. Nous avons \u00e9galement d\u00fb faire face \u00e0 une gr\u00e8ve des chauffeurs de camion qui s\u2019occupent du transport des bennes, elle a dur\u00e9 plus d\u2019une semaine et nous a beaucoup ralenti.<\/li>\n<\/ul>\n<h2>Les d\u00e9placements<\/h2>\n<p>Les d\u00e9placements en machines sont quotidiens, pour les 2 conducteurs de machine il n\u2019y a qu\u2019\u00e0 suivre le fourgon qui les escorte. Cependant, cohabiter sur la route avec les autres usagers n\u2019est pas toujours facile. Bien que l\u2019itin\u00e9raire soit pr\u00e9par\u00e9 pour \u00e9viter les routes impossibles \u00e0 emprunter, certaines routes demeurent tr\u00e8s \u00e9troites notamment en campagne o\u00f9 nous sommes amen\u00e9s \u00e0 croiser tracteurs, camions, bus scolaires\u2026 Nous avons plusieurs fois fait face \u00e0 des situations o\u00f9 soit nous, soit le v\u00e9hicule en face avons d\u00fb faire une marche arri\u00e8re.<\/p>\n<p>Il est \u00e9galement difficile pour nous d\u2019acc\u00e9der aux centres-villes qui sont souvent am\u00e9nag\u00e9s avec des chicanes, ronds-points ou des rues \u00e9troites. Nous avons, un jour, \u00e9t\u00e9 forc\u00e9s \u00e0 faire une marche arri\u00e8re en plein centre-ville de Morlaix sur plus de 300m car un v\u00e9hicule mal stationn\u00e9 nous bloquait la route.<\/p>\n<h2>Notre \u00e9quipement<\/h2>\n<p>Pour mener \u00e0 bien notre mission, nous avions plusieurs choses \u00e0 notre <a href=\"https:\/\/carnet-de-bord.clementyziquel.fr\/wp-content\/uploads\/2021\/11\/fourgon.png\" rel=\"lightbox[13]\"><img loading=\"lazy\" decoding=\"async\" class=\" wp-image-184 alignright\" src=\"https:\/\/carnet-de-bord.clementyziquel.fr\/wp-content\/uploads\/2021\/11\/fourgon.png\" alt=\"\" width=\"322\" height=\"172\" srcset=\"https:\/\/carnet-de-bord.clementyziquel.fr\/wp-content\/uploads\/2021\/11\/fourgon.png 605w, https:\/\/carnet-de-bord.clementyziquel.fr\/wp-content\/uploads\/2021\/11\/fourgon-300x161.png 300w\" sizes=\"(max-width: 322px) 100vw, 322px\" \/><\/a>disposition. Nous avions tout d\u2019abord un fourgon qui nous servait \u00e0 nous rendre dans les champs sans utiliser et ab\u00eemer nos v\u00e9hicules personnels. L\u2019avantage d\u2019un tel v\u00e9hicule est qu\u2019il nous permettait de transporter toutes nos affaires\u00a0: v\u00eatements de rechange si nous nous retrouvions tremp\u00e9s, recouverts d\u2019huile ou encore de boue et de nous changer facilement \u00e0 l\u2019int\u00e9rieur. Nous pouvions aussi transporter une glaci\u00e8re pour tenir au frais nos repas. Lorsque nous utilisions le fourgon pour escorter les d\u00e9placements, nous devions y accrocher un gyrophare ainsi qu\u2019un panneau \u00ab\u00a0Convoi agricole\u00a0\u00bb qui nous \u00e9taient fournis.<\/p>\n<p>L\u2019entreprise nous a \u00e9galement offert \u00e0 chacun une paire de chaussures de s\u00e9curit\u00e9 qui \u00e9tait obligatoire ainsi qu&rsquo;une paire de gants et une combinaison que nous utilisions pour les op\u00e9rations les plus salissantes.<\/p>\n<table style=\"border-collapse: collapse; width: 100%; height: 326px;\">\n<tbody>\n<tr style=\"height: 326px;\">\n<td style=\"width: 33%; height: 326px;\"><a href=\"https:\/\/carnet-de-bord.clementyziquel.fr\/wp-content\/uploads\/2021\/11\/chaussures.jpeg\" rel=\"lightbox[13]\"><img loading=\"lazy\" decoding=\"async\" class=\"aligncenter size-full wp-image-189\" src=\"https:\/\/carnet-de-bord.clementyziquel.fr\/wp-content\/uploads\/2021\/11\/chaussures.jpeg\" alt=\"\" width=\"1536\" height=\"2048\" srcset=\"https:\/\/carnet-de-bord.clementyziquel.fr\/wp-content\/uploads\/2021\/11\/chaussures.jpeg 1536w, https:\/\/carnet-de-bord.clementyziquel.fr\/wp-content\/uploads\/2021\/11\/chaussures-225x300.jpeg 225w, https:\/\/carnet-de-bord.clementyziquel.fr\/wp-content\/uploads\/2021\/11\/chaussures-768x1024.jpeg 768w, https:\/\/carnet-de-bord.clementyziquel.fr\/wp-content\/uploads\/2021\/11\/chaussures-1152x1536.jpeg 1152w\" sizes=\"(max-width: 706px) 89vw, (max-width: 767px) 82vw, 740px\" \/><\/a><\/td>\n<td style=\"width: 33%; height: 326px;\"><a href=\"https:\/\/carnet-de-bord.clementyziquel.fr\/wp-content\/uploads\/2021\/11\/gants.jpeg\" rel=\"lightbox[13]\"><img loading=\"lazy\" decoding=\"async\" class=\"aligncenter size-full wp-image-191\" src=\"https:\/\/carnet-de-bord.clementyziquel.fr\/wp-content\/uploads\/2021\/11\/gants.jpeg\" alt=\"\" width=\"1536\" height=\"2048\" srcset=\"https:\/\/carnet-de-bord.clementyziquel.fr\/wp-content\/uploads\/2021\/11\/gants.jpeg 1536w, https:\/\/carnet-de-bord.clementyziquel.fr\/wp-content\/uploads\/2021\/11\/gants-225x300.jpeg 225w, https:\/\/carnet-de-bord.clementyziquel.fr\/wp-content\/uploads\/2021\/11\/gants-768x1024.jpeg 768w, https:\/\/carnet-de-bord.clementyziquel.fr\/wp-content\/uploads\/2021\/11\/gants-1152x1536.jpeg 1152w\" sizes=\"(max-width: 706px) 89vw, (max-width: 767px) 82vw, 740px\" \/><\/a><\/td>\n<td style=\"width: 33%; height: 326px;\"><a href=\"https:\/\/carnet-de-bord.clementyziquel.fr\/wp-content\/uploads\/2021\/11\/combi.jpeg\" rel=\"lightbox[13]\"><img loading=\"lazy\" decoding=\"async\" class=\"aligncenter size-full wp-image-190\" src=\"https:\/\/carnet-de-bord.clementyziquel.fr\/wp-content\/uploads\/2021\/11\/combi.jpeg\" alt=\"\" width=\"1536\" height=\"2048\" srcset=\"https:\/\/carnet-de-bord.clementyziquel.fr\/wp-content\/uploads\/2021\/11\/combi.jpeg 1536w, https:\/\/carnet-de-bord.clementyziquel.fr\/wp-content\/uploads\/2021\/11\/combi-225x300.jpeg 225w, https:\/\/carnet-de-bord.clementyziquel.fr\/wp-content\/uploads\/2021\/11\/combi-768x1024.jpeg 768w, https:\/\/carnet-de-bord.clementyziquel.fr\/wp-content\/uploads\/2021\/11\/combi-1152x1536.jpeg 1152w\" sizes=\"(max-width: 706px) 89vw, (max-width: 767px) 82vw, 740px\" \/><\/a><\/td>\n<\/tr>\n<\/tbody>\n<\/table>\n\n<table style=\"border-collapse: collapse; width: 100%;\">\n<tbody>\n<tr>\n<td style=\"width: 50%;\">\n<div class=\"wp-block-buttons is-content-justification-left is-layout-flex wp-block-buttons-is-layout-flex\">\n<div class=\"wp-block-button is-style-outline\"><a class=\"wp-block-button__link\" href=\"https:\/\/carnet-de-bord.clementyziquel.fr\/?page_id=35\">Page pr\u00e9c\u00e9dente: Contexte<\/a><\/div>\n<\/div>\n<\/td>\n<td style=\"width: 50%;\">\n<div class=\"wp-block-buttons is-content-justification-right is-layout-flex wp-block-buttons-is-layout-flex\">\n<div class=\"wp-block-button is-style-outline\"><a class=\"wp-block-button__link\" href=\"https:\/\/carnet-de-bord.clementyziquel.fr\/?page_id=2\">Page suivante: Les conditions de travail<\/a><\/div>\n<\/div>\n<\/td>\n<\/tr>\n<\/tbody>\n<\/table>","protected":false},"excerpt":{"rendered":"<p>L\u2019organisation L\u2019usine de Le Faou\u00ebt compte 12 machines de r\u00e9colte \u00e0 petits pois, qui sont utilis\u00e9es pour la r\u00e9colte de tous les agriculteurs de la coop\u00e9rative le souhaitant. Cela permet aux agriculteurs de cultiver des l\u00e9gumes sans avoir \u00e0 acheter les machines de r\u00e9colte associ\u00e9es. En tant que chauffeurs, notre t\u00e2che est de conduire les &hellip; <\/p>\n<p class=\"link-more\"><a href=\"https:\/\/carnet-de-bord.clementyziquel.fr\/?page_id=13\" class=\"more-link\">Continuer la lecture<span class=\"screen-reader-text\"> de &laquo;&nbsp;Ma mission&nbsp;&raquo;<\/span><\/a><\/p>\n","protected":false},"author":1,"featured_media":0,"parent":0,"menu_order":0,"comment_status":"closed","ping_status":"closed","template":"","meta":{"footnotes":""},"_links":{"self":[{"href":"https:\/\/carnet-de-bord.clementyziquel.fr\/index.php?rest_route=\/wp\/v2\/pages\/13"}],"collection":[{"href":"https:\/\/carnet-de-bord.clementyziquel.fr\/index.php?rest_route=\/wp\/v2\/pages"}],"about":[{"href":"https:\/\/carnet-de-bord.clementyziquel.fr\/index.php?rest_route=\/wp\/v2\/types\/page"}],"author":[{"embeddable":true,"href":"https:\/\/carnet-de-bord.clementyziquel.fr\/index.php?rest_route=\/wp\/v2\/users\/1"}],"replies":[{"embeddable":true,"href":"https:\/\/carnet-de-bord.clementyziquel.fr\/index.php?rest_route=%2Fwp%2Fv2%2Fcomments&post=13"}],"version-history":[{"count":51,"href":"https:\/\/carnet-de-bord.clementyziquel.fr\/index.php?rest_route=\/wp\/v2\/pages\/13\/revisions"}],"predecessor-version":[{"id":304,"href":"https:\/\/carnet-de-bord.clementyziquel.fr\/index.php?rest_route=\/wp\/v2\/pages\/13\/revisions\/304"}],"wp:attachment":[{"href":"https:\/\/carnet-de-bord.clementyziquel.fr\/index.php?rest_route=%2Fwp%2Fv2%2Fmedia&parent=13"}],"curies":[{"name":"wp","href":"https:\/\/api.w.org\/{rel}","templated":true}]}}