{"id":35,"date":"2021-11-02T15:55:59","date_gmt":"2021-11-02T14:55:59","guid":{"rendered":"https:\/\/carnet-de-bord.clementyziquel.fr\/?page_id=35"},"modified":"2021-11-08T20:25:49","modified_gmt":"2021-11-08T19:25:49","slug":"contexte","status":"publish","type":"page","link":"https:\/\/carnet-de-bord.clementyziquel.fr\/?page_id=35","title":{"rendered":"Contexte"},"content":{"rendered":"\n<h2 class=\"wp-block-heading\">Histoire<\/h2>\n\n\n\n<p>La Conserverie Morbihannaise a \u00e9t\u00e9 cr\u00e9\u00e9e en 1942 et produisait \u00e0 cette \u00e9poque uniquement des conserves de poisson, de viande et de l\u00e9gumes. En 1958, le second propri\u00e9taire d\u00e9veloppe consid\u00e9rablement l\u2019activit\u00e9 li\u00e9e aux l\u00e9gumes et double la superficie de l\u2019usine. Au d\u00e9but des ann\u00e9es 70, le site se diversifie avec les aliments pour animaux.<\/p>\n\n\n\n<p>En 1974, elle est int\u00e9gr\u00e9e au groupe CECAB (la centrale coop\u00e9rative agricole bretonne). Plus tard en 2015, le groupe CECAB change de nom pour d\u2019aucy. En 2020, les groupes coop\u00e9ratifs d\u2019aucy et Triskalia d\u00e9cident de fusionner pour donner naissance \u00e0 Eureden.<\/p>\n\n\n\n<p>Cette fusion n\u2019a \u00e9t\u00e9 effective \u00e0 Le Faou\u00ebt que depuis janvier 2021 et cela a beaucoup affect\u00e9 mon travail. En effet, les secteurs de r\u00e9colte de d\u2019Aucy et Triskalia ont pu se fusionner ce qui a permis de mieux les organiser. J\u2019avais d\u00e9j\u00e0 travaill\u00e9 \u00e0 ce m\u00eame poste lors de l\u2019\u00e9t\u00e9 2020 et j\u2019avais en moyenne 45 minutes de route depuis mon domicile jusqu\u2019aux champs, cette ann\u00e9e, ce chiffre est descendu \u00e0 20 minutes.<\/p>\n\n\n\n<h2 class=\"wp-block-heading\">March\u00e9<\/h2>\n\n\n\n<p>Il est important de d\u00e9finir le terme de coop\u00e9rative agricole pour mieux comprendre son fonctionnement. Une coop\u00e9rative agricole est une entreprise cr\u00e9\u00e9e par des agriculteurs qui leur appartient et qu\u2019ils dirigent eux m\u00eame. Le but est de rassembler leurs moyens pour mieux produire et vendre ensemble les produits de leurs fermes&nbsp;: lait, viande, c\u00e9r\u00e9ales, fruits, l\u00e9gumes\u2026 Ils sont r\u00e9colt\u00e9s et travaill\u00e9s par leur coop\u00e9rative pour devenir des produits que l\u2019on mange ou boit tous les jours. Aujourd\u2019hui, 1 marque alimentaire sur 3 vient d\u2019une coop\u00e9rative agricole.<\/p>\n\n\n\n<p>Avec plus de 65 millions de bo\u00eetes vendues chaque ann\u00e9es, d\u2019aucy est le leader fran\u00e7ais des l\u00e9gumes en conserve. Le groupe Eureden quant \u00e0 lui compte plus de 60 sites industriels qui sont aliment\u00e9s par plus de 20&nbsp;000 agriculteurs coop\u00e9rateurs. Le groupe compte aussi plus de 300 magasins sous diff\u00e9rents noms&nbsp;: Point vert, Magasin vert\u2026 Il poss\u00e8de \u00e9galement de nombreuses marques que nous retrouvons dans tous les supermarch\u00e9s.<\/p>\n\n\n\n<div class=\"wp-block-image\"><figure class=\"aligncenter size-full is-resized\"><a href=\"https:\/\/carnet-de-bord.clementyziquel.fr\/wp-content\/uploads\/2021\/11\/marques.png\" rel=\"lightbox[35]\"><img loading=\"lazy\" decoding=\"async\" src=\"https:\/\/carnet-de-bord.clementyziquel.fr\/wp-content\/uploads\/2021\/11\/marques.png\" alt=\"\" class=\"wp-image-158\" width=\"676\" height=\"281\" srcset=\"https:\/\/carnet-de-bord.clementyziquel.fr\/wp-content\/uploads\/2021\/11\/marques.png 605w, https:\/\/carnet-de-bord.clementyziquel.fr\/wp-content\/uploads\/2021\/11\/marques-300x125.png 300w\" sizes=\"(max-width: 676px) 100vw, 676px\" \/><\/a><figcaption>Marques et enseignes du groupe Eureden<\/figcaption><\/figure><\/div>\n\n\n<table>\n<tbody>\n<tr>\n<td>\n<div class=\"wp-block-buttons is-content-justification-left is-layout-flex wp-block-buttons-is-layout-flex\">\n<div class=\"wp-block-button is-style-outline\"><a class=\"wp-block-button__link\" href=\"https:\/\/carnet-de-bord.clementyziquel.fr\/\">Page pr\u00e9c\u00e9dente: Accueil<\/a><\/div>\n<div class=\"wp-block-button is-style-outline\">\u00a0<\/div>\n<\/div>\n<\/td>\n<td>\n<div class=\"wp-block-buttons is-content-justification-right is-layout-flex wp-block-buttons-is-layout-flex\">\n<div class=\"wp-block-button is-style-outline\"><a class=\"wp-block-button__link\" href=\"https:\/\/carnet-de-bord.clementyziquel.fr\/?page_id=13\">Page suivante: Ma mission<\/a><\/div>\n<\/div>\n<\/td>\n<\/tr>\n<\/tbody>\n<\/table>\n\n\n<p><\/p>\n","protected":false},"excerpt":{"rendered":"<p>Histoire La Conserverie Morbihannaise a \u00e9t\u00e9 cr\u00e9\u00e9e en 1942 et produisait \u00e0 cette \u00e9poque uniquement des conserves de poisson, de viande et de l\u00e9gumes. En 1958, le second propri\u00e9taire d\u00e9veloppe consid\u00e9rablement l\u2019activit\u00e9 li\u00e9e aux l\u00e9gumes et double la superficie de l\u2019usine. Au d\u00e9but des ann\u00e9es 70, le site se diversifie avec les aliments pour animaux. &hellip; <\/p>\n<p class=\"link-more\"><a href=\"https:\/\/carnet-de-bord.clementyziquel.fr\/?page_id=35\" class=\"more-link\">Continuer la lecture<span class=\"screen-reader-text\"> de &laquo;&nbsp;Contexte&nbsp;&raquo;<\/span><\/a><\/p>\n","protected":false},"author":1,"featured_media":0,"parent":0,"menu_order":0,"comment_status":"closed","ping_status":"closed","template":"","meta":{"footnotes":""},"_links":{"self":[{"href":"https:\/\/carnet-de-bord.clementyziquel.fr\/index.php?rest_route=\/wp\/v2\/pages\/35"}],"collection":[{"href":"https:\/\/carnet-de-bord.clementyziquel.fr\/index.php?rest_route=\/wp\/v2\/pages"}],"about":[{"href":"https:\/\/carnet-de-bord.clementyziquel.fr\/index.php?rest_route=\/wp\/v2\/types\/page"}],"author":[{"embeddable":true,"href":"https:\/\/carnet-de-bord.clementyziquel.fr\/index.php?rest_route=\/wp\/v2\/users\/1"}],"replies":[{"embeddable":true,"href":"https:\/\/carnet-de-bord.clementyziquel.fr\/index.php?rest_route=%2Fwp%2Fv2%2Fcomments&post=35"}],"version-history":[{"count":17,"href":"https:\/\/carnet-de-bord.clementyziquel.fr\/index.php?rest_route=\/wp\/v2\/pages\/35\/revisions"}],"predecessor-version":[{"id":243,"href":"https:\/\/carnet-de-bord.clementyziquel.fr\/index.php?rest_route=\/wp\/v2\/pages\/35\/revisions\/243"}],"wp:attachment":[{"href":"https:\/\/carnet-de-bord.clementyziquel.fr\/index.php?rest_route=%2Fwp%2Fv2%2Fmedia&parent=35"}],"curies":[{"name":"wp","href":"https:\/\/api.w.org\/{rel}","templated":true}]}}