{"id":46,"date":"2021-11-02T16:01:28","date_gmt":"2021-11-02T15:01:28","guid":{"rendered":"https:\/\/carnet-de-bord.clementyziquel.fr\/?page_id=46"},"modified":"2021-11-09T21:37:48","modified_gmt":"2021-11-09T20:37:48","slug":"analyse","status":"publish","type":"page","link":"https:\/\/carnet-de-bord.clementyziquel.fr\/?page_id=46","title":{"rendered":"Analyse"},"content":{"rendered":"\n<h2>Mon choix<\/h2>\n<p>J\u2019ai choisi de r\u00e9aliser mon stage en tant que conducteur de cueilleuses de gousses pour plusieurs raisons. Tout d\u2019abord, parce que j\u2019avais d\u00e9j\u00e0 travaill\u00e9 dans ce service l\u2019ann\u00e9e pass\u00e9e et que \u00e7a m\u2019avait beaucoup plu, c\u2019est un travail tr\u00e8s vari\u00e9 dans lequel je suis amen\u00e9 \u00e0 effectuer des t\u00e2ches tr\u00e8s diff\u00e9rentes. Ensuite, je rencontrais beaucoup de personnes diff\u00e9rentes avec lesquelles j\u2019ai discut\u00e9 quelques dizaines de minutes. J\u2019avais longuement h\u00e9sit\u00e9 entre chercher un stage technicien ou travailler au m\u00eame endroit que l\u2019ann\u00e9e pass\u00e9e, ce qui a fait pencher la balance est l\u2019aspect financier. La scolarit\u00e9 \u00e0 l\u2019ISEN est tr\u00e8s co\u00fbteuse et avoir l\u2019opportunit\u00e9 de gagner plus de 4\u00a0500\u20ac en moins de 2 mois de travail est une opportunit\u00e9 que je ne pouvais pas laisser passer.<\/p>\n<p>M\u00eame si les horaires font qu\u2019il m\u2019a \u00e9t\u00e9 impossible de pr\u00e9voir quelconque rendez-vous et que je n\u2019ai pas pu sortir une seule fois lors du mois de juillet, je pense que ces sacrifices \u00e9taient n\u00e9cessaires. Je pense ici \u00e0 l\u2019\u00e9t\u00e9 prochain o\u00f9 nous avons obligation d\u2019effectuer un mois \u00e0 l\u2019\u00e9tranger, avoir de l\u2019argent de c\u00f4t\u00e9 pour aborder cette exp\u00e9rience est tr\u00e8s rassurant.<\/p>\n<h2>Mes activit\u00e9s<\/h2>\n<p>Les activit\u00e9s que j\u2019ai effectu\u00e9es ont \u00e9t\u00e9 tr\u00e8s vari\u00e9es, il n\u2019y a pas eu deux jours qui se ressemblaient ce qui est, selon moi, un \u00e9norme atout. Je suis quelqu\u2019un de tr\u00e8s organis\u00e9 et j\u2019appr\u00e9cie quand mes activit\u00e9s le sont \u00e9galement mais je d\u00e9teste la monotonie. Il aurait \u00e9t\u00e9 pour moi impensable de passer un mois entier \u00e0 effectuer les m\u00eames mouvements. De plus, \u00e9tant un grand fan d\u2019automobiles et plus g\u00e9n\u00e9ralement de m\u00e9canique, j\u2019ai pu d\u00e9couvrir le domaine de la m\u00e9canique agricole. C\u2019est un domaine tr\u00e8s diff\u00e9rent et dans lequel il faut \u00e9norm\u00e9ment de connaissances et d\u2019exp\u00e9riences mais qui m\u2019int\u00e9resse tout autant.<\/p>\n<p>Il n\u2019y a cependant pas eu que des choses positives. Il y a tout d\u2019abord les horaires qui sont tr\u00e8s contraignants puisque nous passons presque tous les jours pr\u00e8s de 10h au travail, il nous est \u00e9galement impossible d\u2019organiser quoi que ce soit puisque nous connaissons nos plannings la veille pour le lendemain, voire parfois le jour m\u00eame.<\/p>\n<p><a href=\"https:\/\/carnet-de-bord.clementyziquel.fr\/wp-content\/uploads\/2021\/11\/nombre-dheures.png\" rel=\"lightbox[46]\"><img loading=\"lazy\" decoding=\"async\" class=\"aligncenter size-full wp-image-226\" src=\"https:\/\/carnet-de-bord.clementyziquel.fr\/wp-content\/uploads\/2021\/11\/nombre-dheures.png\" alt=\"\" width=\"2487\" height=\"1285\" srcset=\"https:\/\/carnet-de-bord.clementyziquel.fr\/wp-content\/uploads\/2021\/11\/nombre-dheures.png 2487w, https:\/\/carnet-de-bord.clementyziquel.fr\/wp-content\/uploads\/2021\/11\/nombre-dheures-300x155.png 300w, https:\/\/carnet-de-bord.clementyziquel.fr\/wp-content\/uploads\/2021\/11\/nombre-dheures-1024x529.png 1024w, https:\/\/carnet-de-bord.clementyziquel.fr\/wp-content\/uploads\/2021\/11\/nombre-dheures-768x397.png 768w, https:\/\/carnet-de-bord.clementyziquel.fr\/wp-content\/uploads\/2021\/11\/nombre-dheures-1536x794.png 1536w, https:\/\/carnet-de-bord.clementyziquel.fr\/wp-content\/uploads\/2021\/11\/nombre-dheures-2048x1058.png 2048w\" sizes=\"(max-width: 706px) 89vw, (max-width: 767px) 82vw, 740px\" \/><\/a><\/p>\n<p>Un autre probl\u00e8me est le peu de temps de formation puisque la seule condition \u00e0 respecter pour pouvoir conduire ces machines est d\u2019avoir le permis de conduire. Or passer d\u2019une simple voiture \u00e0 une machine de 24 tonnes et de 12m de long est tr\u00e8s compliqu\u00e9. Nous avons, avant le d\u00e9but de la saison, une matin\u00e9e de formation aux r\u00e8gles de s\u00e9curit\u00e9 et \u00e0 la conduite mais une matin\u00e9e n\u2019est pas du tout suffisante pour prendre en main ces engins. Lors des premiers tours de champ notre m\u00e9canicien en profite pour nous former un peu plus mais les premiers d\u00e9placements sur route sont tr\u00e8s compliqu\u00e9, voire m\u00eame dangereux puisque nous ne sommes pas du tout pr\u00eats.<\/p>\n<p>Cet emploi s\u2019adresse principalement aux personnes habitu\u00e9es aux machines agricoles ce qui n\u2019\u00e9tait pas forcement mon cas. Au d\u00e9but, j\u2019ai eu beaucoup de difficult\u00e9s \u00e0 cerner le gabarit des machines.<\/p>\n<h2>Mes apprentissages<\/h2>\n<p>Au cours de mon exp\u00e9rience qui a dur\u00e9 un peu plus d\u2019un mois et demi, j\u2019ai pu apprendre \u00e0 travailler en \u00e9quipe en dehors du cadre scolaire. Nous avons d\u00fb apprendre \u00e0 nous conna\u00eetre et \u00e0 travailler ensemble malgr\u00e9 nos temp\u00e9raments tr\u00e8s diff\u00e9rents. Nous nous sommes soutenus lorsque nous devions faire face \u00e0 des conditions difficiles telles que des pannes ou une machine qui reste embourb\u00e9e en pleine nuit. Faire face \u00e0 toutes ces difficult\u00e9s nous a r\u00e9ellement permis de nous rapprocher.<\/p>\n<p>Nos sup\u00e9rieurs nous imposaient une pressions constante li\u00e9e aux enjeux financiers importants, chaque petite erreur peut entrainer de gros frais pour l\u2019entreprise. Le monde professionnel est tr\u00e8s diff\u00e9rent du monde scolaire, mes erreurs ne me concernent plus moi uniquement mais handicapent tout un service. C\u2019est un monde o\u00f9 il faut, je pense, apprendre \u00e0 dire non et \u00e0 faire entendre sa vision des choses pour ne pas se retrouver exploit\u00e9. C\u2019est le sentiment que j\u2019ai ressenti lorsque l\u2019on me faisait venir au travail pour seulement 2h, ou que j\u2019enchainais les journ\u00e9e de pr\u00e8s de 12h.<\/p>\n<p>Personnellement, j\u2019ai tendance \u00e0 prendre des initiatives facilement, ce que j\u2019ai pu continuer \u00e0 faire au travail, mais j\u2019ai aussi d\u00fb apprendre \u00e0 \u00e9couter les consignes de mes sup\u00e9rieurs ce qui est assez diff\u00e9rent par rapport \u00e0 l\u2019\u00e9cole o\u00f9 les professeurs sont l\u00e0 pour nous aider et beaucoup moins pour nous donner des ordres.<\/p>\n<h1>Conclusion<\/h1>\n<p>Malgr\u00e9 le fait que cet emploi ne soit pas du tout en accord avec ma formation de CIR et qu\u2019il soit tr\u00e8s \u00e9loign\u00e9 du type de poste que je vise pour plus tard, j\u2019en ai tir\u00e9 beaucoup d\u2019exp\u00e9riences et j\u2019en garderai un tr\u00e8s bon souvenir.<\/p>\n\n\n\n<div class=\"wp-block-buttons is-content-justification-left is-layout-flex wp-block-buttons-is-layout-flex\">\n<div class=\"wp-block-button is-style-outline\"><a class=\"wp-block-button__link\" href=\"https:\/\/carnet-de-bord.clementyziquel.fr\/?page_id=44\">Page pr\u00e9c\u00e9dente: Relations professionnelles<\/a><\/div>\n<\/div>\n","protected":false},"excerpt":{"rendered":"<p>Mon choix J\u2019ai choisi de r\u00e9aliser mon stage en tant que conducteur de cueilleuses de gousses pour plusieurs raisons. Tout d\u2019abord, parce que j\u2019avais d\u00e9j\u00e0 travaill\u00e9 dans ce service l\u2019ann\u00e9e pass\u00e9e et que \u00e7a m\u2019avait beaucoup plu, c\u2019est un travail tr\u00e8s vari\u00e9 dans lequel je suis amen\u00e9 \u00e0 effectuer des t\u00e2ches tr\u00e8s diff\u00e9rentes. Ensuite, je &hellip; <\/p>\n<p class=\"link-more\"><a href=\"https:\/\/carnet-de-bord.clementyziquel.fr\/?page_id=46\" class=\"more-link\">Continuer la lecture<span class=\"screen-reader-text\"> de &laquo;&nbsp;Analyse&nbsp;&raquo;<\/span><\/a><\/p>\n","protected":false},"author":1,"featured_media":0,"parent":0,"menu_order":0,"comment_status":"closed","ping_status":"closed","template":"","meta":{"footnotes":""},"_links":{"self":[{"href":"https:\/\/carnet-de-bord.clementyziquel.fr\/index.php?rest_route=\/wp\/v2\/pages\/46"}],"collection":[{"href":"https:\/\/carnet-de-bord.clementyziquel.fr\/index.php?rest_route=\/wp\/v2\/pages"}],"about":[{"href":"https:\/\/carnet-de-bord.clementyziquel.fr\/index.php?rest_route=\/wp\/v2\/types\/page"}],"author":[{"embeddable":true,"href":"https:\/\/carnet-de-bord.clementyziquel.fr\/index.php?rest_route=\/wp\/v2\/users\/1"}],"replies":[{"embeddable":true,"href":"https:\/\/carnet-de-bord.clementyziquel.fr\/index.php?rest_route=%2Fwp%2Fv2%2Fcomments&post=46"}],"version-history":[{"count":8,"href":"https:\/\/carnet-de-bord.clementyziquel.fr\/index.php?rest_route=\/wp\/v2\/pages\/46\/revisions"}],"predecessor-version":[{"id":291,"href":"https:\/\/carnet-de-bord.clementyziquel.fr\/index.php?rest_route=\/wp\/v2\/pages\/46\/revisions\/291"}],"wp:attachment":[{"href":"https:\/\/carnet-de-bord.clementyziquel.fr\/index.php?rest_route=%2Fwp%2Fv2%2Fmedia&parent=46"}],"curies":[{"name":"wp","href":"https:\/\/api.w.org\/{rel}","templated":true}]}}